{"id":7,"date":"2025-09-16T20:29:39","date_gmt":"2025-09-17T00:29:39","guid":{"rendered":"https:\/\/webmj.ca\/?page_id=7"},"modified":"2025-10-02T07:58:48","modified_gmt":"2025-10-02T11:58:48","slug":"home","status":"publish","type":"page","link":"https:\/\/webmj.ca\/","title":{"rendered":"Accueil"},"content":{"rendered":"\n<section class=\"wp-block-group alignfull banniere has-background is-content-justification-center is-layout-constrained wp-block-group-is-layout-constrained\" style=\"background-color:#25acaf\">\n<div class=\"wp-block-columns are-vertically-aligned-center is-layout-flex wp-container-core-columns-is-layout-28f84493 wp-block-columns-is-layout-flex\">\n<div class=\"wp-block-column is-vertically-aligned-center is-layout-flow wp-block-column-is-layout-flow\" style=\"padding-top:7rem;padding-bottom:7rem;flex-basis:35%\">\n<h1 class=\"wp-block-heading has-text-align-left has-white-color has-text-color\" style=\"font-size:49px;line-height:0.9\">Une professionnelle d\u00e9di\u00e9e<br>\u00e0 votre succ\u00e8s num\u00e9rique<\/h1>\n\n\n\n<p class=\"has-white-color has-text-color\">Je ne suis pas une agence. Je suis une partenaire de confiance qui prend le temps de comprendre votre r\u00e9alit\u00e9 et vos objectifs. Chaque projet est pens\u00e9 pour soutenir la croissance de votre entreprise, avec une approche humaine, simple et efficace.<\/p>\n\n\n\n<div class=\"wp-block-buttons is-layout-flex wp-block-buttons-is-layout-flex\">\n<div class=\"wp-block-button\"><a class=\"wp-block-button__link has-ast-global-color-5-color has-text-color has-link-color has-border-color has-white-border-color has-small-font-size has-custom-font-size wp-element-button\" href=\"#contact\">Parlez-moi de votre projet<\/a><\/div>\n<\/div>\n<\/div>\n<\/div>\n<\/section>\n\n\n\n<div class=\"wp-block-group alignfull has-ast-global-color-5-background-color has-background is-layout-constrained wp-container-core-group-is-layout-9cedb757 wp-block-group-is-layout-constrained\" style=\"padding-bottom:0px\">\n<div class=\"wp-block-columns are-vertically-aligned-top is-layout-flex wp-container-core-columns-is-layout-00723822 wp-block-columns-is-layout-flex\">\n<div class=\"wp-block-column is-vertically-aligned-top is-layout-flow wp-container-core-column-is-layout-6b73ce23 wp-block-column-is-layout-flow\">\n<p class=\"med-icon\"><i class=\"fa-solid fa-seedling\"><\/i><\/p>\n\n\n\n<p class=\"has-text-align-center has-medium-font-size\">Je pense <strong>\u00e0 votre<\/strong><br><strong>entreprise avant tout<\/strong><\/p>\n<\/div>\n\n\n\n<div class=\"wp-block-column is-vertically-aligned-top is-layout-flow wp-container-core-column-is-layout-6b73ce23 wp-block-column-is-layout-flow\">\n<p class=\"med-icon\"><i class=\"fa-solid fa-magnifying-glass\"><\/i><\/p>\n\n\n\n<p class=\"has-text-align-center has-medium-font-size\">Je travaille avec<br><strong>transparence et simplicit\u00e9<\/strong><\/p>\n<\/div>\n\n\n\n<div class=\"wp-block-column is-vertically-aligned-top is-layout-flow wp-container-core-column-is-layout-6b73ce23 wp-block-column-is-layout-flow\">\n<p class=\"med-icon\"><i class=\"fa-solid fa-comments\"><\/i><\/p>\n\n\n\n<p class=\"has-text-align-center has-medium-font-size\">Vous avez une <strong>relation directe<\/strong> avec moi, sans interm\u00e9diaires<\/p>\n<\/div>\n\n\n\n<div class=\"wp-block-column is-vertically-aligned-top is-layout-flow wp-container-core-column-is-layout-6b73ce23 wp-block-column-is-layout-flow\">\n<p class=\"med-icon\"><i class=\"fa-regular fa-gem\"><\/i><\/p>\n\n\n\n<p class=\"has-text-align-center has-medium-font-size\">Chaque projet est fait avec <strong>soin, comme si c\u2019\u00e9tait le mien<\/strong><\/p>\n<\/div>\n<\/div>\n<\/div>\n\n\n\n<div class=\"wp-block-group alignfull is-layout-constrained wp-container-core-group-is-layout-45b0ac4f wp-block-group-is-layout-constrained\" id=\"services\" style=\"padding-top:144px;padding-bottom:0px\">\n<h2 class=\"wp-block-heading\">Services<\/h2>\n\n\n\n<div class=\"wp-block-columns is-layout-flex wp-container-core-columns-is-layout-60cbf9bb wp-block-columns-is-layout-flex\" style=\"margin-top:50px\">\n<div class=\"wp-block-column is-layout-flow wp-container-core-column-is-layout-6b73ce23 wp-block-column-is-layout-flow\">\n<h3 class=\"wp-block-heading\" style=\"margin-top:16px\">Cr\u00e9ation de site web<\/h3>\n\n\n\n<p>Un site clair, rapide et professionnel, pens\u00e9 pour repr\u00e9senter votre marque et attirer vos clients.<\/p>\n<\/div>\n\n\n\n<div class=\"wp-block-column is-layout-flow wp-container-core-column-is-layout-6b73ce23 wp-block-column-is-layout-flow\">\n<h3 class=\"wp-block-heading\" style=\"margin-top:16px\">Modification de site existant<\/h3>\n\n\n\n<p>Optimisation, refonte ou simples ajustements : je donne une nouvelle vie \u00e0 vos plateformes existantes.<\/p>\n<\/div>\n\n\n\n<div class=\"wp-block-column is-layout-flow wp-container-core-column-is-layout-6b73ce23 wp-block-column-is-layout-flow\">\n<h3 class=\"wp-block-heading\" style=\"margin-top:16px\">Shopify &amp; WordPress<\/h3>\n\n\n\n<p>Sites e-commerce ou vitrines flexibles et faciles \u00e0 g\u00e9rer, avec des fonctionnalit\u00e9s qui soutiennent vos ventes.<\/p>\n<\/div>\n<\/div>\n\n\n\n<div class=\"wp-block-columns is-layout-flex wp-container-core-columns-is-layout-60cbf9bb wp-block-columns-is-layout-flex\" style=\"margin-top:50px\">\n<div class=\"wp-block-column is-layout-flow wp-container-core-column-is-layout-6b73ce23 wp-block-column-is-layout-flow\">\n<h3 class=\"wp-block-heading\" style=\"margin-top:16px\">D\u00e9veloppement personnalis\u00e9<\/h3>\n\n\n\n<p>Applications et fonctionnalit\u00e9s sur mesure pour r\u00e9pondre \u00e0 vos besoins sp\u00e9cifiques.<\/p>\n<\/div>\n\n\n\n<div class=\"wp-block-column is-layout-flow wp-container-core-column-is-layout-6b73ce23 wp-block-column-is-layout-flow\">\n<h3 class=\"wp-block-heading\" style=\"margin-top:16px\">Am\u00e9lioration SEO<\/h3>\n\n\n\n<p>Visibilit\u00e9 accrue sur Google gr\u00e2ce \u00e0 des optimisations cibl\u00e9es qui attirent plus de visiteurs qualifi\u00e9s.<\/p>\n<\/div>\n\n\n\n<div class=\"wp-block-column is-layout-flow wp-container-core-column-is-layout-6b73ce23 wp-block-column-is-layout-flow\">\n<h3 class=\"wp-block-heading\" style=\"margin-top:16px\">Automatisations<\/h3>\n\n\n\n<p>Gain de temps et efficacit\u00e9 gr\u00e2ce \u00e0 la mise en place d\u2019outils connect\u00e9s qui r\u00e9duisent les t\u00e2ches r\u00e9p\u00e9titives.<\/p>\n<\/div>\n<\/div>\n<\/div>\n\n\n\n<div class=\"wp-block-group alignfull has-ast-global-color-5-background-color has-background is-layout-constrained wp-container-core-group-is-layout-94d206d0 wp-block-group-is-layout-constrained\" id=\"about\" style=\"padding-top:143px;padding-bottom:144px\">\n<div class=\"wp-block-media-text has-media-on-the-right is-stacked-on-mobile is-vertically-aligned-center\"><div class=\"wp-block-media-text__content\">\n<div class=\"inherit-container-width wp-block-group is-layout-constrained wp-container-core-group-is-layout-47ce07ec wp-block-group-is-layout-constrained\" style=\"padding-right:80px\">\n<h2 class=\"wp-block-heading\" style=\"line-height:0.9\">Avec plus de 15 ans d&rsquo;exp\u00e9rience<\/h2>\n\n\n\n<p>Passionn\u00e9e par le web et le d\u00e9veloppement sur mesure, j\u2019aide les entreprises \u00e0 b\u00e2tir des solutions num\u00e9riques qui leur ressemblent.<\/p>\n\n\n\n<p><b>Mon approche :<\/b> \u00eatre \u00e0 l\u2019\u00e9coute, transparente et toujours orient\u00e9e vers vos besoins r\u00e9els.<\/p>\n\n\n\n<p>Avec moi, pas de jargon inutile, pas de formule toute faite : seulement des solutions adapt\u00e9es \u00e0 votre compagnie.<\/p>\n<\/div>\n<\/div><figure class=\"wp-block-media-text__media\"><img loading=\"lazy\" decoding=\"async\" width=\"1000\" height=\"1000\" src=\"https:\/\/webmj.ca\/wp-content\/uploads\/2025\/09\/\u00a9MCF_7455_op.jpg\" alt=\"\" class=\"wp-image-72 size-full\" srcset=\"https:\/\/webmj.ca\/wp-content\/uploads\/2025\/09\/\u00a9MCF_7455_op.jpg 1000w, https:\/\/webmj.ca\/wp-content\/uploads\/2025\/09\/\u00a9MCF_7455_op-300x300.jpg 300w, https:\/\/webmj.ca\/wp-content\/uploads\/2025\/09\/\u00a9MCF_7455_op-150x150.jpg 150w, https:\/\/webmj.ca\/wp-content\/uploads\/2025\/09\/\u00a9MCF_7455_op-768x768.jpg 768w\" sizes=\"auto, (max-width: 1000px) 100vw, 1000px\" \/><\/figure><\/div>\n<\/div>\n\n\n\n<p><\/p>\n\n\n\n<div class=\"wp-block-group alignfull has-background is-layout-constrained wp-block-group-is-layout-constrained\" id=\"contact\" style=\"background:linear-gradient(135deg,rgb(37,172,175) 0%,rgb(0,149,159) 50%,rgb(37,172,175) 100%);padding-top:104px;padding-bottom:104px\">\n<div class=\"wp-block-columns is-layout-flex wp-container-core-columns-is-layout-28f84493 wp-block-columns-is-layout-flex\">\n<div class=\"wp-block-column is-vertically-aligned-center is-layout-flow wp-block-column-is-layout-flow\">\n<h2 class=\"wp-block-heading has-text-align-left has-text-color\" style=\"color:#ffffff\">Pr\u00eat \u00e0 donner vie \u00e0 vos id\u00e9es ?<\/h2>\n\n\n\n<p class=\"has-ast-global-color-5-color has-text-color has-link-color wp-elements-a98e0212c6c442a9e6f3b3e1743cfd1b\">Votre projet m\u00e9rite toute l\u2019attention n\u00e9cessaire pour prendre vie et soutenir la croissance de votre entreprise. Que vous ayez besoin d\u2019un nouveau site web, d\u2019une refonte, d\u2019automatisations ou simplement de conseils, je suis l\u00e0 pour vous accompagner avec une approche humaine et personnalis\u00e9e.<\/p>\n\n\n\n<p class=\"has-ast-global-color-5-color has-text-color has-link-color wp-elements-ee6792636c7c293becd5b8e49aca8544\">En me contactant, vous n\u2019\u00e9changez pas avec une agence impersonnelle : vous parlez directement \u00e0 la personne qui r\u00e9alisera votre projet. Ensemble, nous trouverons la solution la plus adapt\u00e9e \u00e0 vos besoins, \u00e0 votre rythme et \u00e0 votre budget.<\/p>\n\n\n\n<p class=\"has-ast-global-color-5-color has-text-color has-link-color wp-elements-4c9f962a43d72c9ccc3cb1503c1d6ed3\">Vous pr\u00e9f\u00e9rez \u00e9crire directement ? Envoyez-moi un courriel \u00e0 : <strong><a href=\"mailto:info@webmj.ca\">info@webmj.ca<\/a><\/strong><\/p>\n\n\n\n<p class=\"has-ast-global-color-5-color has-text-color has-link-color wp-elements-041961107d87c9d9f91e7ccdc2262c67\"><\/p>\n<\/div>\n\n\n\n<div class=\"wp-block-column is-layout-flow wp-block-column-is-layout-flow\">\n<div class=\"wpcf7 no-js\" id=\"wpcf7-f71-o1\" lang=\"fr-CA\" dir=\"ltr\" data-wpcf7-id=\"71\">\n<div class=\"screen-reader-response\"><p role=\"status\" aria-live=\"polite\" aria-atomic=\"true\"><\/p> <ul><\/ul><\/div>\n<form action=\"\/index.php\/wp-json\/wp\/v2\/pages\/7#wpcf7-f71-o1\" method=\"post\" class=\"wpcf7-form init\" aria-label=\"Contact form\" novalidate=\"novalidate\" data-status=\"init\">\n<fieldset class=\"hidden-fields-container\"><input type=\"hidden\" name=\"_wpcf7\" value=\"71\" \/><input type=\"hidden\" name=\"_wpcf7_version\" value=\"6.1.1\" \/><input type=\"hidden\" name=\"_wpcf7_locale\" value=\"fr_CA\" \/><input type=\"hidden\" name=\"_wpcf7_unit_tag\" value=\"wpcf7-f71-o1\" \/><input type=\"hidden\" name=\"_wpcf7_container_post\" value=\"0\" \/><input type=\"hidden\" name=\"_wpcf7_posted_data_hash\" value=\"\" \/>\n<\/fieldset>\n<p><label> Votre nom<br \/>\n<span class=\"wpcf7-form-control-wrap\" data-name=\"your-name\"><input size=\"40\" maxlength=\"400\" class=\"wpcf7-form-control wpcf7-text wpcf7-validates-as-required\" autocomplete=\"name\" aria-required=\"true\" aria-invalid=\"false\" value=\"\" type=\"text\" name=\"your-name\" \/><\/span> <\/label>\n<\/p>\n<p><label> Votre adresse courriel<br \/>\n<span class=\"wpcf7-form-control-wrap\" data-name=\"your-email\"><input size=\"40\" maxlength=\"400\" class=\"wpcf7-form-control wpcf7-email wpcf7-validates-as-required wpcf7-text wpcf7-validates-as-email\" autocomplete=\"email\" aria-required=\"true\" aria-invalid=\"false\" value=\"\" type=\"email\" name=\"your-email\" \/><\/span> <\/label>\n<\/p>\n<p><label> Sujet<br \/>\n<span class=\"wpcf7-form-control-wrap\" data-name=\"your-subject\"><input size=\"40\" maxlength=\"400\" class=\"wpcf7-form-control wpcf7-text wpcf7-validates-as-required\" aria-required=\"true\" aria-invalid=\"false\" value=\"\" type=\"text\" name=\"your-subject\" \/><\/span> <\/label>\n<\/p>\n<p><label> Votre projet<br \/>\n<span class=\"wpcf7-form-control-wrap\" data-name=\"your-message\"><textarea cols=\"40\" rows=\"10\" maxlength=\"2000\" class=\"wpcf7-form-control wpcf7-textarea\" aria-invalid=\"false\" name=\"your-message\"><\/textarea><\/span> <\/label>\n<\/p>\n<p><input class=\"wpcf7-form-control wpcf7-submit has-spinner\" type=\"submit\" value=\"Envoyer\" \/>\n<\/p><div class=\"wpcf7-response-output\" aria-hidden=\"true\"><\/div>\n<\/form>\n<\/div>\n\n<\/div>\n<\/div>\n\n\n\n<p><\/p>\n<\/div>\n","protected":false},"excerpt":{"rendered":"<p>Une professionnelle d\u00e9di\u00e9e\u00e0 votre succ\u00e8s num\u00e9rique Je ne suis pas une agence. Je suis une partenaire de confiance qui prend [&hellip;]<\/p>\n","protected":false},"author":1,"featured_media":0,"parent":0,"menu_order":0,"comment_status":"closed","ping_status":"closed","template":"","meta":{"site-sidebar-layout":"no-sidebar","site-content-layout":"plain-container","ast-site-content-layout":"default","site-content-style":"default","site-sidebar-style":"default","ast-global-header-display":"","ast-banner-title-visibility":"","ast-main-header-display":"","ast-hfb-above-header-display":"","ast-hfb-below-header-display":"","ast-hfb-mobile-header-display":"","site-post-title":"disabled","ast-breadcrumbs-content":"","ast-featured-img":"","footer-sml-layout":"","theme-transparent-header-meta":"enabled","adv-header-id-meta":"","stick-header-meta":"","header-above-stick-meta":"","header-main-stick-meta":"","header-below-stick-meta":"","astra-migrate-meta-layouts":"default","ast-page-background-enabled":"default","ast-page-background-meta":{"desktop":{"background-color":"var(--ast-global-color-5)","background-image":"","background-repeat":"repeat","background-position":"center center","background-size":"auto","background-attachment":"scroll","background-type":"","background-media":"","overlay-type":"","overlay-color":"","overlay-opacity":"","overlay-gradient":""},"tablet":{"background-color":"","background-image":"","background-repeat":"repeat","background-position":"center center","background-size":"auto","background-attachment":"scroll","background-type":"","background-media":"","overlay-type":"","overlay-color":"","overlay-opacity":"","overlay-gradient":""},"mobile":{"background-color":"","background-image":"","background-repeat":"repeat","background-position":"center center","background-size":"auto","background-attachment":"scroll","background-type":"","background-media":"","overlay-type":"","overlay-color":"","overlay-opacity":"","overlay-gradient":""}},"ast-content-background-meta":{"desktop":{"background-color":"var(--ast-global-color-4)","background-image":"","background-repeat":"repeat","background-position":"center center","background-size":"auto","background-attachment":"scroll","background-type":"","background-media":"","overlay-type":"","overlay-color":"","overlay-opacity":"","overlay-gradient":""},"tablet":{"background-color":"var(--ast-global-color-4)","background-image":"","background-repeat":"repeat","background-position":"center center","background-size":"auto","background-attachment":"scroll","background-type":"","background-media":"","overlay-type":"","overlay-color":"","overlay-opacity":"","overlay-gradient":""},"mobile":{"background-color":"var(--ast-global-color-4)","background-image":"","background-repeat":"repeat","background-position":"center center","background-size":"auto","background-attachment":"scroll","background-type":"","background-media":"","overlay-type":"","overlay-color":"","overlay-opacity":"","overlay-gradient":""}},"footnotes":""},"class_list":["post-7","page","type-page","status-publish","hentry"],"yoast_head":"<!-- This site is optimized with the Yoast SEO plugin v27.0 - https:\/\/yoast.com\/product\/yoast-seo-wordpress\/ -->\n<title>Accueil - D\u00e9veloppement WEB - Marie-Jos\u00e9e Forget<\/title>\n<meta name=\"robots\" content=\"index, follow, max-snippet:-1, max-image-preview:large, max-video-preview:-1\" \/>\n<link rel=\"canonical\" href=\"https:\/\/webmj.ca\/\" \/>\n<meta property=\"og:locale\" content=\"fr_CA\" \/>\n<meta property=\"og:type\" content=\"article\" \/>\n<meta property=\"og:title\" content=\"Accueil - D\u00e9veloppement WEB - Marie-Jos\u00e9e Forget\" \/>\n<meta property=\"og:description\" content=\"Une professionnelle d\u00e9di\u00e9e\u00e0 votre succ\u00e8s num\u00e9rique Je ne suis pas une agence. Je suis une partenaire de confiance qui prend [&hellip;]\" \/>\n<meta property=\"og:url\" content=\"https:\/\/webmj.ca\/\" \/>\n<meta property=\"og:site_name\" content=\"D\u00e9veloppement WEB - Marie-Jos\u00e9e Forget\" \/>\n<meta property=\"article:modified_time\" content=\"2025-10-02T11:58:48+00:00\" \/>\n<meta name=\"twitter:card\" content=\"summary_large_image\" \/>\n<meta name=\"twitter:label1\" content=\"Estimation du temps de lecture\" \/>\n\t<meta name=\"twitter:data1\" content=\"2 minutes\" \/>\n<script type=\"application\/ld+json\" class=\"yoast-schema-graph\">{\"@context\":\"https:\/\/schema.org\",\"@graph\":[{\"@type\":\"WebPage\",\"@id\":\"https:\/\/webmj.ca\/\",\"url\":\"https:\/\/webmj.ca\/\",\"name\":\"Accueil - D\u00e9veloppement WEB - Marie-Jos\u00e9e Forget\",\"isPartOf\":{\"@id\":\"https:\/\/webmj.ca\/#website\"},\"datePublished\":\"2025-09-17T00:29:39+00:00\",\"dateModified\":\"2025-10-02T11:58:48+00:00\",\"breadcrumb\":{\"@id\":\"https:\/\/webmj.ca\/#breadcrumb\"},\"inLanguage\":\"fr-CA\",\"potentialAction\":[{\"@type\":\"ReadAction\",\"target\":[\"https:\/\/webmj.ca\/\"]}]},{\"@type\":\"BreadcrumbList\",\"@id\":\"https:\/\/webmj.ca\/#breadcrumb\",\"itemListElement\":[{\"@type\":\"ListItem\",\"position\":1,\"name\":\"Accueil\",\"item\":\"https:\/\/webmj.ca\/\"},{\"@type\":\"ListItem\",\"position\":2,\"name\":\"Accueil\"}]},{\"@type\":\"WebSite\",\"@id\":\"https:\/\/webmj.ca\/#website\",\"url\":\"https:\/\/webmj.ca\/\",\"name\":\"D\u00e9veloppement WEB - Marie-Jos\u00e9e Forget\",\"description\":\"Solution personnalis\u00e9e\",\"publisher\":{\"@id\":\"https:\/\/webmj.ca\/#organization\"},\"potentialAction\":[{\"@type\":\"SearchAction\",\"target\":{\"@type\":\"EntryPoint\",\"urlTemplate\":\"https:\/\/webmj.ca\/?s={search_term_string}\"},\"query-input\":{\"@type\":\"PropertyValueSpecification\",\"valueRequired\":true,\"valueName\":\"search_term_string\"}}],\"inLanguage\":\"fr-CA\"},{\"@type\":\"Organization\",\"@id\":\"https:\/\/webmj.ca\/#organization\",\"name\":\"D\u00e9veloppement WEB - Marie-Jos\u00e9e Forget\",\"url\":\"https:\/\/webmj.ca\/\",\"logo\":{\"@type\":\"ImageObject\",\"inLanguage\":\"fr-CA\",\"@id\":\"https:\/\/webmj.ca\/#\/schema\/logo\/image\/\",\"url\":\"https:\/\/webmj.ca\/wp-content\/uploads\/2025\/09\/cropped-logo-1.png\",\"contentUrl\":\"https:\/\/webmj.ca\/wp-content\/uploads\/2025\/09\/cropped-logo-1.png\",\"width\":794,\"height\":206,\"caption\":\"D\u00e9veloppement WEB - Marie-Jos\u00e9e Forget\"},\"image\":{\"@id\":\"https:\/\/webmj.ca\/#\/schema\/logo\/image\/\"}}]}<\/script>\n<!-- \/ Yoast SEO plugin. -->","yoast_head_json":{"title":"Accueil - D\u00e9veloppement WEB - Marie-Jos\u00e9e Forget","robots":{"index":"index","follow":"follow","max-snippet":"max-snippet:-1","max-image-preview":"max-image-preview:large","max-video-preview":"max-video-preview:-1"},"canonical":"https:\/\/webmj.ca\/","og_locale":"fr_CA","og_type":"article","og_title":"Accueil - D\u00e9veloppement WEB - Marie-Jos\u00e9e Forget","og_description":"Une professionnelle d\u00e9di\u00e9e\u00e0 votre succ\u00e8s num\u00e9rique Je ne suis pas une agence. Je suis une partenaire de confiance qui prend [&hellip;]","og_url":"https:\/\/webmj.ca\/","og_site_name":"D\u00e9veloppement WEB - Marie-Jos\u00e9e Forget","article_modified_time":"2025-10-02T11:58:48+00:00","twitter_card":"summary_large_image","twitter_misc":{"Estimation du temps de lecture":"2 minutes"},"schema":{"@context":"https:\/\/schema.org","@graph":[{"@type":"WebPage","@id":"https:\/\/webmj.ca\/","url":"https:\/\/webmj.ca\/","name":"Accueil - D\u00e9veloppement WEB - Marie-Jos\u00e9e Forget","isPartOf":{"@id":"https:\/\/webmj.ca\/#website"},"datePublished":"2025-09-17T00:29:39+00:00","dateModified":"2025-10-02T11:58:48+00:00","breadcrumb":{"@id":"https:\/\/webmj.ca\/#breadcrumb"},"inLanguage":"fr-CA","potentialAction":[{"@type":"ReadAction","target":["https:\/\/webmj.ca\/"]}]},{"@type":"BreadcrumbList","@id":"https:\/\/webmj.ca\/#breadcrumb","itemListElement":[{"@type":"ListItem","position":1,"name":"Accueil","item":"https:\/\/webmj.ca\/"},{"@type":"ListItem","position":2,"name":"Accueil"}]},{"@type":"WebSite","@id":"https:\/\/webmj.ca\/#website","url":"https:\/\/webmj.ca\/","name":"D\u00e9veloppement WEB - Marie-Jos\u00e9e Forget","description":"Solution personnalis\u00e9e","publisher":{"@id":"https:\/\/webmj.ca\/#organization"},"potentialAction":[{"@type":"SearchAction","target":{"@type":"EntryPoint","urlTemplate":"https:\/\/webmj.ca\/?s={search_term_string}"},"query-input":{"@type":"PropertyValueSpecification","valueRequired":true,"valueName":"search_term_string"}}],"inLanguage":"fr-CA"},{"@type":"Organization","@id":"https:\/\/webmj.ca\/#organization","name":"D\u00e9veloppement WEB - Marie-Jos\u00e9e Forget","url":"https:\/\/webmj.ca\/","logo":{"@type":"ImageObject","inLanguage":"fr-CA","@id":"https:\/\/webmj.ca\/#\/schema\/logo\/image\/","url":"https:\/\/webmj.ca\/wp-content\/uploads\/2025\/09\/cropped-logo-1.png","contentUrl":"https:\/\/webmj.ca\/wp-content\/uploads\/2025\/09\/cropped-logo-1.png","width":794,"height":206,"caption":"D\u00e9veloppement WEB - Marie-Jos\u00e9e Forget"},"image":{"@id":"https:\/\/webmj.ca\/#\/schema\/logo\/image\/"}}]}},"_links":{"self":[{"href":"https:\/\/webmj.ca\/index.php\/wp-json\/wp\/v2\/pages\/7","targetHints":{"allow":["GET"]}}],"collection":[{"href":"https:\/\/webmj.ca\/index.php\/wp-json\/wp\/v2\/pages"}],"about":[{"href":"https:\/\/webmj.ca\/index.php\/wp-json\/wp\/v2\/types\/page"}],"author":[{"embeddable":true,"href":"https:\/\/webmj.ca\/index.php\/wp-json\/wp\/v2\/users\/1"}],"replies":[{"embeddable":true,"href":"https:\/\/webmj.ca\/index.php\/wp-json\/wp\/v2\/comments?post=7"}],"version-history":[{"count":50,"href":"https:\/\/webmj.ca\/index.php\/wp-json\/wp\/v2\/pages\/7\/revisions"}],"predecessor-version":[{"id":108,"href":"https:\/\/webmj.ca\/index.php\/wp-json\/wp\/v2\/pages\/7\/revisions\/108"}],"wp:attachment":[{"href":"https:\/\/webmj.ca\/index.php\/wp-json\/wp\/v2\/media?parent=7"}],"curies":[{"name":"wp","href":"https:\/\/api.w.org\/{rel}","templated":true}]}}